{"id":134,"date":"2024-09-15T10:54:16","date_gmt":"2024-09-15T08:54:16","guid":{"rendered":"http:\/\/www.karmelitanki-misjonarki.pl\/?page_id=134"},"modified":"2024-11-02T20:33:19","modified_gmt":"2024-11-02T19:33:19","slug":"misja","status":"publish","type":"page","link":"http:\/\/www.karmelitanki-misjonarki.pl\/index.php\/misja\/","title":{"rendered":"Misja"},"content":{"rendered":"\n<p>Misj\u0105 Karmelitanek Misjonarek jest g\u0142oszenie pi\u0119kna Ko\u015bcio\u0142a poprzez ewangelizacj\u0119 i formacj\u0119. Ta pos\u0142uga w Ko\u015bciele i dla Ko\u015bcio\u0142a jest realizowana na wszystkich kontynentach. <\/p>\n\n\n\n<p>\u015awiadectwo \u017cycia wsp\u00f3lnotowego, towarzyszenie, dialog, pragnienie ws\u0142uchiwania si\u0119 w drugiego cz\u0142owieka w jego r\u00f3\u017cnorodno\u015bci &#8211; inspiruje Karmelitank\u0119 Misjonark\u0119 do podejmowania codziennych pos\u0142ug: s\u0142u\u017cba zdrowia, praca socjalna, edukacja, duchowo\u015b\u0107, czyli wsz\u0119dzie tam, gdzie cz\u0142owiek prze\u017cywa swoje powo\u0142anie do \u017cycia mi\u0142o\u015bci\u0105.<\/p>\n\n\n\n<figure class=\"wp-block-image size-full is-resized\"><img fetchpriority=\"high\" decoding=\"async\" width=\"2240\" height=\"1260\" src=\"http:\/\/www.karmelitanki-misjonarki.pl\/wp-content\/uploads\/2024\/11\/image-1.png\" alt=\"Obrazek posiada pusty atrybut alt; plik o nazwie misja-min.png\" class=\"wp-image-253\" style=\"width:879px;height:auto\"\/><\/figure>\n","protected":false},"excerpt":{"rendered":"<p>Misj\u0105 Karmelitanek Misjonarek jest g\u0142oszenie pi\u0119kna Ko\u015bcio\u0142a poprzez ewangelizacj\u0119 i formacj\u0119. Ta pos\u0142uga w Ko\u015bciele i dla Ko\u015bcio\u0142a jest realizowana<\/p>\n","protected":false},"author":1,"featured_media":0,"parent":0,"menu_order":0,"comment_status":"closed","ping_status":"closed","template":"","meta":{"footnotes":""},"class_list":["post-134","page","type-page","status-publish","hentry","comments-off"],"_links":{"self":[{"href":"http:\/\/www.karmelitanki-misjonarki.pl\/index.php\/wp-json\/wp\/v2\/pages\/134","targetHints":{"allow":["GET"]}}],"collection":[{"href":"http:\/\/www.karmelitanki-misjonarki.pl\/index.php\/wp-json\/wp\/v2\/pages"}],"about":[{"href":"http:\/\/www.karmelitanki-misjonarki.pl\/index.php\/wp-json\/wp\/v2\/types\/page"}],"author":[{"embeddable":true,"href":"http:\/\/www.karmelitanki-misjonarki.pl\/index.php\/wp-json\/wp\/v2\/users\/1"}],"replies":[{"embeddable":true,"href":"http:\/\/www.karmelitanki-misjonarki.pl\/index.php\/wp-json\/wp\/v2\/comments?post=134"}],"version-history":[{"count":4,"href":"http:\/\/www.karmelitanki-misjonarki.pl\/index.php\/wp-json\/wp\/v2\/pages\/134\/revisions"}],"predecessor-version":[{"id":254,"href":"http:\/\/www.karmelitanki-misjonarki.pl\/index.php\/wp-json\/wp\/v2\/pages\/134\/revisions\/254"}],"wp:attachment":[{"href":"http:\/\/www.karmelitanki-misjonarki.pl\/index.php\/wp-json\/wp\/v2\/media?parent=134"}],"curies":[{"name":"wp","href":"https:\/\/api.w.org\/{rel}","templated":true}]}}